{"id":19,"date":"2020-06-16T08:10:09","date_gmt":"2020-06-16T08:10:09","guid":{"rendered":"http:\/\/fernandovaladez.com\/index.php\/gallery\/"},"modified":"2022-08-02T16:05:28","modified_gmt":"2022-08-02T21:05:28","slug":"proyectos","status":"publish","type":"page","link":"https:\/\/bravex.com.mx\/es\/proyectos\/","title":{"rendered":"Proyectos"},"content":{"rendered":"\t\t<div data-elementor-type=\"wp-page\" data-elementor-id=\"19\" class=\"elementor elementor-19\">\n\t\t\t\t\t\t<section class=\"elementor-section elementor-top-section elementor-element elementor-element-27d6682 elementor-section-height-min-height elementor-section-items-bottom elementor-section-boxed elementor-section-height-default\" data-id=\"27d6682\" data-element_type=\"section\" data-e-type=\"section\" data-settings=\"{&quot;background_background&quot;:&quot;classic&quot;}\">\n\t\t\t\t\t\t<div class=\"elementor-container elementor-column-gap-no\">\n\t\t\t\t\t<div class=\"elementor-column elementor-col-100 elementor-top-column elementor-element elementor-element-7f9901e\" data-id=\"7f9901e\" data-element_type=\"column\" data-e-type=\"column\">\n\t\t\t<div class=\"elementor-widget-wrap elementor-element-populated\">\n\t\t\t\t\t\t<div class=\"elementor-element elementor-element-2df6404 elementor-widget elementor-widget-heading\" data-id=\"2df6404\" data-element_type=\"widget\" data-e-type=\"widget\" data-widget_type=\"heading.default\">\n\t\t\t\t<div class=\"elementor-widget-container\">\n\t\t\t\t\t<h2 class=\"elementor-heading-title elementor-size-default\">Proyectos<\/h2>\t\t\t\t<\/div>\n\t\t\t\t<\/div>\n\t\t\t\t<div class=\"elementor-element elementor-element-3bd2b3a elementor-widget-divider--view-line elementor-widget elementor-widget-divider\" data-id=\"3bd2b3a\" data-element_type=\"widget\" data-e-type=\"widget\" data-widget_type=\"divider.default\">\n\t\t\t\t<div class=\"elementor-widget-container\">\n\t\t\t\t\t\t\t<div class=\"elementor-divider\">\n\t\t\t<span class=\"elementor-divider-separator\">\n\t\t\t\t\t\t<\/span>\n\t\t<\/div>\n\t\t\t\t\t\t<\/div>\n\t\t\t\t<\/div>\n\t\t\t\t\t<\/div>\n\t\t<\/div>\n\t\t\t\t\t<\/div>\n\t\t<\/section>\n\t\t\t\t<section class=\"elementor-section elementor-top-section elementor-element elementor-element-9bf3042 elementor-section-boxed elementor-section-height-default elementor-section-height-default\" data-id=\"9bf3042\" data-element_type=\"section\" data-e-type=\"section\" data-settings=\"{&quot;animation&quot;:&quot;none&quot;}\">\n\t\t\t\t\t\t<div class=\"elementor-container elementor-column-gap-default\">\n\t\t\t\t\t<div class=\"elementor-column elementor-col-33 elementor-top-column elementor-element elementor-element-ad52bff\" data-id=\"ad52bff\" data-element_type=\"column\" data-e-type=\"column\">\n\t\t\t<div class=\"elementor-widget-wrap elementor-element-populated\">\n\t\t\t\t\t\t<div class=\"elementor-element elementor-element-1529cbf eael-tooltip-align-left elementor-widget elementor-widget-eael-tooltip\" data-id=\"1529cbf\" data-element_type=\"widget\" data-e-type=\"widget\" data-widget_type=\"eael-tooltip.default\">\n\t\t\t\t<div class=\"elementor-widget-container\">\n\t\t\t\t\t\t<div class=\"eael-tooltip\">\n\t\t\t\t\t<span class=\"eael-tooltip-content\" tabindex=\"0\" aria-describedby=\"tooltip-text-1529cbf\"><a href=\"#\"><img decoding=\"async\" src=\"https:\/\/bravex.com.mx\/es\/wp-content\/uploads\/2022\/06\/Intermex_Mesa-de-trabajo-1.png\" alt=\"\"><\/a><\/span>\n  \t\t\t<span id=\"tooltip-text-1529cbf\" class=\"eael-tooltip-text eael-tooltip-right\" role=\"tooltip\"><p><span style=\"font-family: gotham-bold;font-size: 14pt\"><strong>Cimentaci\u00f3n para CNC \u2013 Intermex \/ BUT<\/strong><\/span><\/p><p>\u00a0<\/p><p><span style=\"font-family: gotham-bold\">Dise\u00f1o, ingenier\u00eda y construcci\u00f3n de cimentaci\u00f3n para l\u00ednea de producci\u00f3n de maquinado de 15,000 m2, en Parque Industrial Roca, Monterrey, N.L.<\/span><\/p><\/span>\n  \t\t\t<\/div>\n\t\t\t\t\t<\/div>\n\t\t\t\t<\/div>\n\t\t\t\t<div class=\"elementor-element elementor-element-95b041a elementor-widget elementor-widget-text-editor\" data-id=\"95b041a\" data-element_type=\"widget\" data-e-type=\"widget\" data-widget_type=\"text-editor.default\">\n\t\t\t\t<div class=\"elementor-widget-container\">\n\t\t\t\t\t\t\t\t\t<p style=\"text-align: center;\"><span style=\"font-size: 10pt;\"><strong><span style=\"font-family: gotham-bold;\">Cimentaci\u00f3n para CNC \u2013 Intermex \/ BUT<\/span><\/strong><\/span><\/p>\t\t\t\t\t\t\t\t<\/div>\n\t\t\t\t<\/div>\n\t\t\t\t\t<\/div>\n\t\t<\/div>\n\t\t\t\t<div class=\"elementor-column elementor-col-33 elementor-top-column elementor-element elementor-element-36b8780\" data-id=\"36b8780\" data-element_type=\"column\" data-e-type=\"column\">\n\t\t\t<div class=\"elementor-widget-wrap elementor-element-populated\">\n\t\t\t\t\t\t<div class=\"elementor-element elementor-element-3bffbe7 eael-tooltip-align-left elementor-widget elementor-widget-eael-tooltip\" data-id=\"3bffbe7\" data-element_type=\"widget\" data-e-type=\"widget\" data-widget_type=\"eael-tooltip.default\">\n\t\t\t\t<div class=\"elementor-widget-container\">\n\t\t\t\t\t\t<div class=\"eael-tooltip\">\n\t\t\t\t\t<span class=\"eael-tooltip-content\" tabindex=\"0\" aria-describedby=\"tooltip-text-3bffbe7\"><img decoding=\"async\" src=\"https:\/\/bravex.com.mx\/es\/wp-content\/uploads\/2022\/06\/Crisa_Mesa-de-trabajo-1.png\" alt=\"\"><\/span>\n  \t\t\t<span id=\"tooltip-text-3bffbe7\" class=\"eael-tooltip-text eael-tooltip-right\" role=\"tooltip\"><p><span style=\"font-weight: 400;font-size: 14pt;font-family: gotham-bold\">Cambio de interruptor 115 kV \u2013 Crisa<\/span><\/p><p>\u00a0<\/p><p><span style=\"font-weight: 400;font-family: gotham-bold;font-size: 10pt\">Planeaci\u00f3n, ejecuci\u00f3n, pruebas y puesta en marcha de Cambio de interruptor tanque muerto en 115 kV, Monterrey, N.L.<\/span><\/p><\/span>\n  \t\t\t<\/div>\n\t\t\t\t\t<\/div>\n\t\t\t\t<\/div>\n\t\t\t\t<div class=\"elementor-element elementor-element-4acf084 elementor-widget elementor-widget-text-editor\" data-id=\"4acf084\" data-element_type=\"widget\" data-e-type=\"widget\" data-widget_type=\"text-editor.default\">\n\t\t\t\t<div class=\"elementor-widget-container\">\n\t\t\t\t\t\t\t\t\t<p style=\"text-align: center;\"><span style=\"font-family: gotham-bold; font-size: 10pt;\">Cambio de interruptor 115 kV \u2013 Crisa<\/span><\/p>\t\t\t\t\t\t\t\t<\/div>\n\t\t\t\t<\/div>\n\t\t\t\t\t<\/div>\n\t\t<\/div>\n\t\t\t\t<div class=\"elementor-column elementor-col-33 elementor-top-column elementor-element elementor-element-b7c4285\" data-id=\"b7c4285\" data-element_type=\"column\" data-e-type=\"column\">\n\t\t\t<div class=\"elementor-widget-wrap elementor-element-populated\">\n\t\t\t\t\t\t<div class=\"elementor-element elementor-element-e1e8251 eael-tooltip-align-left elementor-widget elementor-widget-eael-tooltip\" data-id=\"e1e8251\" data-element_type=\"widget\" data-e-type=\"widget\" data-widget_type=\"eael-tooltip.default\">\n\t\t\t\t<div class=\"elementor-widget-container\">\n\t\t\t\t\t\t<div class=\"eael-tooltip\">\n\t\t\t\t\t<span class=\"eael-tooltip-content\" tabindex=\"0\" aria-describedby=\"tooltip-text-e1e8251\"><img decoding=\"async\" src=\"https:\/\/bravex.com.mx\/es\/wp-content\/uploads\/2022\/06\/hebel_Mesa-de-trabajo-1.png\" alt=\"\"><\/span>\n  \t\t\t<span id=\"tooltip-text-e1e8251\" class=\"eael-tooltip-text eael-tooltip-left\" role=\"tooltip\"><p><span style=\"font-weight: 400;font-size: 14pt;font-family: gotham-bold\">Construcci\u00f3n de subestaci\u00f3n 115 kV \/ 5.5 MVA \u2013 Hebel<\/span><\/p><p>\u00a0<\/p><p><span style=\"font-weight: 400;font-size: 10pt\"><span style=\"font-family: gotham-bold\">Dise\u00f1o, construcci\u00f3n y puesta en marcha de subestaci\u00f3n el\u00e9ctrica 115 kV \/ 5.5 MVA, Apodaca, N.L<\/span>.<\/span><\/p><p>\u00a0<\/p><p>\u00a0<\/p><\/span>\n  \t\t\t<\/div>\n\t\t\t\t\t<\/div>\n\t\t\t\t<\/div>\n\t\t\t\t<div class=\"elementor-element elementor-element-ca579f1 elementor-widget elementor-widget-text-editor\" data-id=\"ca579f1\" data-element_type=\"widget\" data-e-type=\"widget\" data-widget_type=\"text-editor.default\">\n\t\t\t\t<div class=\"elementor-widget-container\">\n\t\t\t\t\t\t\t\t\t<p style=\"text-align: center;\"><span style=\"font-weight: 400; font-family: gotham-bold; font-size: 10pt;\">Construcci\u00f3n de subestaci\u00f3n 115 kV \/ 5.5 MVA \u2013 Hebel<\/span><\/p>\t\t\t\t\t\t\t\t<\/div>\n\t\t\t\t<\/div>\n\t\t\t\t\t<\/div>\n\t\t<\/div>\n\t\t\t\t\t<\/div>\n\t\t<\/section>\n\t\t\t\t<section class=\"elementor-section elementor-top-section elementor-element elementor-element-8ae0744 elementor-section-boxed elementor-section-height-default elementor-section-height-default\" data-id=\"8ae0744\" data-element_type=\"section\" data-e-type=\"section\" data-settings=\"{&quot;animation&quot;:&quot;none&quot;}\">\n\t\t\t\t\t\t<div class=\"elementor-container elementor-column-gap-default\">\n\t\t\t\t\t<div class=\"elementor-column elementor-col-33 elementor-top-column elementor-element elementor-element-916d3cc\" data-id=\"916d3cc\" data-element_type=\"column\" data-e-type=\"column\">\n\t\t\t<div class=\"elementor-widget-wrap elementor-element-populated\">\n\t\t\t\t\t\t<div class=\"elementor-element elementor-element-8a2d652 eael-tooltip-align-left elementor-widget elementor-widget-eael-tooltip\" data-id=\"8a2d652\" data-element_type=\"widget\" data-e-type=\"widget\" data-widget_type=\"eael-tooltip.default\">\n\t\t\t\t<div class=\"elementor-widget-container\">\n\t\t\t\t\t\t<div class=\"eael-tooltip\">\n\t\t\t\t\t<span class=\"eael-tooltip-content\" tabindex=\"0\" aria-describedby=\"tooltip-text-8a2d652\"><a href=\"#\"><img decoding=\"async\" src=\"https:\/\/bravex.com.mx\/es\/wp-content\/uploads\/2022\/06\/KUKA_Mesa-de-trabajo-1.png\" alt=\"\"><\/a><\/span>\n  \t\t\t<span id=\"tooltip-text-8a2d652\" class=\"eael-tooltip-text eael-tooltip-right\" role=\"tooltip\"><p><span style=\"font-weight: 400;font-family: gotham-bold;font-size: 12pt\">Subestaci\u00f3n y electrificaci\u00f3n 3.0 MVA \u2013 Kuka Home<\/span><\/p><p>\u00a0<\/p><p><span style=\"font-weight: 400;font-family: gotham-bold;font-size: 10pt\">Dise\u00f1o, construcci\u00f3n y puesta en marcha de subestaci\u00f3n el\u00e9ctrica 3.0 MVA en Parque Industrial Prologis, Apodaca, N.L.<\/span><\/p><\/span>\n  \t\t\t<\/div>\n\t\t\t\t\t<\/div>\n\t\t\t\t<\/div>\n\t\t\t\t<div class=\"elementor-element elementor-element-eddacbe elementor-widget elementor-widget-text-editor\" data-id=\"eddacbe\" data-element_type=\"widget\" data-e-type=\"widget\" data-widget_type=\"text-editor.default\">\n\t\t\t\t<div class=\"elementor-widget-container\">\n\t\t\t\t\t\t\t\t\t<p style=\"text-align: center;\"><span style=\"font-weight: 400; font-family: gotham-bold; font-size: 10pt;\">Subestaci\u00f3n y electrificaci\u00f3n 3.0 MVA \u2013 Kuka Home<\/span><\/p>\t\t\t\t\t\t\t\t<\/div>\n\t\t\t\t<\/div>\n\t\t\t\t\t<\/div>\n\t\t<\/div>\n\t\t\t\t<div class=\"elementor-column elementor-col-33 elementor-top-column elementor-element elementor-element-fd90f2e\" data-id=\"fd90f2e\" data-element_type=\"column\" data-e-type=\"column\">\n\t\t\t<div class=\"elementor-widget-wrap elementor-element-populated\">\n\t\t\t\t\t\t<div class=\"elementor-element elementor-element-3323b95 eael-tooltip-align-left elementor-widget elementor-widget-eael-tooltip\" data-id=\"3323b95\" data-element_type=\"widget\" data-e-type=\"widget\" data-widget_type=\"eael-tooltip.default\">\n\t\t\t\t<div class=\"elementor-widget-container\">\n\t\t\t\t\t\t<div class=\"eael-tooltip\">\n\t\t\t\t\t<span class=\"eael-tooltip-content\" tabindex=\"0\" aria-describedby=\"tooltip-text-3323b95\"><img decoding=\"async\" src=\"https:\/\/bravex.com.mx\/es\/wp-content\/uploads\/2022\/06\/Bellinturf_Mesa-de-trabajo-1-2.png\" alt=\"\"><\/span>\n  \t\t\t<span id=\"tooltip-text-3323b95\" class=\"eael-tooltip-text eael-tooltip-right\" role=\"tooltip\"><p><span style=\"font-weight: 400;font-family: gotham-bold\">Subestaci\u00f3n 12.5 MVA - Bellinturf<\/span><\/p><p>\u00a0<\/p><p><span style=\"font-weight: 400;font-family: gotham-bold;font-size: 10pt\">Dise\u00f1o, construcci\u00f3n y puesta en marcha de subestaci\u00f3n el\u00e9ctrica 12.5 MVA en Parque Industrial Hofusan, Salinas Victoria, N.L.<\/span><\/p><\/span>\n  \t\t\t<\/div>\n\t\t\t\t\t<\/div>\n\t\t\t\t<\/div>\n\t\t\t\t<div class=\"elementor-element elementor-element-65969b5 elementor-widget elementor-widget-text-editor\" data-id=\"65969b5\" data-element_type=\"widget\" data-e-type=\"widget\" data-widget_type=\"text-editor.default\">\n\t\t\t\t<div class=\"elementor-widget-container\">\n\t\t\t\t\t\t\t\t\t<p style=\"text-align: center;\"><span style=\"font-family: gotham-bold; font-size: 10pt;\">Cambio de interruptor 115 kV \u2013 Crisa<\/span><\/p>\t\t\t\t\t\t\t\t<\/div>\n\t\t\t\t<\/div>\n\t\t\t\t\t<\/div>\n\t\t<\/div>\n\t\t\t\t<div class=\"elementor-column elementor-col-33 elementor-top-column elementor-element elementor-element-23dbc2e\" data-id=\"23dbc2e\" data-element_type=\"column\" data-e-type=\"column\">\n\t\t\t<div class=\"elementor-widget-wrap elementor-element-populated\">\n\t\t\t\t\t\t<div class=\"elementor-element elementor-element-72629a6 eael-tooltip-align-left elementor-widget elementor-widget-eael-tooltip\" data-id=\"72629a6\" data-element_type=\"widget\" data-e-type=\"widget\" data-widget_type=\"eael-tooltip.default\">\n\t\t\t\t<div class=\"elementor-widget-container\">\n\t\t\t\t\t\t<div class=\"eael-tooltip\">\n\t\t\t\t\t<span class=\"eael-tooltip-content\" tabindex=\"0\" aria-describedby=\"tooltip-text-72629a6\"><img decoding=\"async\" src=\"https:\/\/bravex.com.mx\/es\/wp-content\/uploads\/2022\/06\/HOUNTER-DOUGLAS_Mesa-de-trabajo-1.png\" alt=\"\"><\/span>\n  \t\t\t<span id=\"tooltip-text-72629a6\" class=\"eael-tooltip-text eael-tooltip-left\" role=\"tooltip\"><p><span style=\"font-weight: 400;font-family: gotham-bold\">Electrificaci\u00f3n 8.0 MVA \u2013 HunterDouglas<\/span><\/p><p>\u00a0<\/p><p><span style=\"font-weight: 400;font-size: 10pt;font-family: gotham-bold\">Electrificaci\u00f3n de nave industrial 50,000 m2, Parque Industrial DAVISA, Apodaca, N.L.<\/span><\/p><\/span>\n  \t\t\t<\/div>\n\t\t\t\t\t<\/div>\n\t\t\t\t<\/div>\n\t\t\t\t<div class=\"elementor-element elementor-element-284198f elementor-widget elementor-widget-text-editor\" data-id=\"284198f\" data-element_type=\"widget\" data-e-type=\"widget\" data-widget_type=\"text-editor.default\">\n\t\t\t\t<div class=\"elementor-widget-container\">\n\t\t\t\t\t\t\t\t\t<p style=\"text-align: center;\"><span style=\"font-weight: 400; font-family: gotham-bold; font-size: 10pt;\">Construcci\u00f3n de subestaci\u00f3n 115 kV \/ 5.5 MVA \u2013 Hebel<\/span><\/p>\t\t\t\t\t\t\t\t<\/div>\n\t\t\t\t<\/div>\n\t\t\t\t<div class=\"elementor-element elementor-element-35d6f4d elementor-widget-divider--view-line elementor-widget elementor-widget-divider\" data-id=\"35d6f4d\" data-element_type=\"widget\" data-e-type=\"widget\" data-widget_type=\"divider.default\">\n\t\t\t\t<div class=\"elementor-widget-container\">\n\t\t\t\t\t\t\t<div class=\"elementor-divider\">\n\t\t\t<span class=\"elementor-divider-separator\">\n\t\t\t\t\t\t<\/span>\n\t\t<\/div>\n\t\t\t\t\t\t<\/div>\n\t\t\t\t<\/div>\n\t\t\t\t\t<\/div>\n\t\t<\/div>\n\t\t\t\t\t<\/div>\n\t\t<\/section>\n\t\t\t\t<\/div>\n\t\t","protected":false},"excerpt":{"rendered":"<p>Proyectos Cimentaci\u00f3n para CNC \u2013 Intermex \/ BUT \u00a0 Dise\u00f1o, ingenier\u00eda y construcci\u00f3n de cimentaci\u00f3n para l\u00ednea de producci\u00f3n de maquinado de 15,000 m2, en Parque Industrial Roca, Monterrey, N.L. Cimentaci\u00f3n para CNC \u2013 Intermex \/ BUT Cambio de interruptor 115 kV \u2013 Crisa \u00a0 Planeaci\u00f3n, ejecuci\u00f3n, pruebas y puesta en marcha de Cambio de [&hellip;]<\/p>\n","protected":false},"author":1,"featured_media":0,"parent":0,"menu_order":0,"comment_status":"closed","ping_status":"closed","template":"","meta":{"site-sidebar-layout":"no-sidebar","site-content-layout":"page-builder","ast-site-content-layout":"default","site-content-style":"default","site-sidebar-style":"default","ast-global-header-display":"","ast-banner-title-visibility":"","ast-main-header-display":"","ast-hfb-above-header-display":"","ast-hfb-below-header-display":"","ast-hfb-mobile-header-display":"","site-post-title":"disabled","ast-breadcrumbs-content":"disabled","ast-featured-img":"disabled","footer-sml-layout":"","ast-disable-related-posts":"","theme-transparent-header-meta":"enabled","adv-header-id-meta":"","stick-header-meta":"","header-above-stick-meta":"","header-main-stick-meta":"","header-below-stick-meta":"","astra-migrate-meta-layouts":"default","ast-page-background-enabled":"default","ast-page-background-meta":{"desktop":{"background-color":"","background-image":"","background-repeat":"repeat","background-position":"center center","background-size":"auto","background-attachment":"scroll","background-type":"","background-media":"","overlay-type":"","overlay-color":"","overlay-opacity":"","overlay-gradient":""},"tablet":{"background-color":"","background-image":"","background-repeat":"repeat","background-position":"center center","background-size":"auto","background-attachment":"scroll","background-type":"","background-media":"","overlay-type":"","overlay-color":"","overlay-opacity":"","overlay-gradient":""},"mobile":{"background-color":"","background-image":"","background-repeat":"repeat","background-position":"center center","background-size":"auto","background-attachment":"scroll","background-type":"","background-media":"","overlay-type":"","overlay-color":"","overlay-opacity":"","overlay-gradient":""}},"ast-content-background-meta":{"desktop":{"background-color":"var(--ast-global-color-5)","background-image":"","background-repeat":"repeat","background-position":"center center","background-size":"auto","background-attachment":"scroll","background-type":"","background-media":"","overlay-type":"","overlay-color":"","overlay-opacity":"","overlay-gradient":""},"tablet":{"background-color":"var(--ast-global-color-5)","background-image":"","background-repeat":"repeat","background-position":"center center","background-size":"auto","background-attachment":"scroll","background-type":"","background-media":"","overlay-type":"","overlay-color":"","overlay-opacity":"","overlay-gradient":""},"mobile":{"background-color":"var(--ast-global-color-5)","background-image":"","background-repeat":"repeat","background-position":"center center","background-size":"auto","background-attachment":"scroll","background-type":"","background-media":"","overlay-type":"","overlay-color":"","overlay-opacity":"","overlay-gradient":""}},"_joinchat":[],"footnotes":""},"class_list":["post-19","page","type-page","status-publish","hentry"],"_links":{"self":[{"href":"https:\/\/bravex.com.mx\/es\/wp-json\/wp\/v2\/pages\/19"}],"collection":[{"href":"https:\/\/bravex.com.mx\/es\/wp-json\/wp\/v2\/pages"}],"about":[{"href":"https:\/\/bravex.com.mx\/es\/wp-json\/wp\/v2\/types\/page"}],"author":[{"embeddable":true,"href":"https:\/\/bravex.com.mx\/es\/wp-json\/wp\/v2\/users\/1"}],"replies":[{"embeddable":true,"href":"https:\/\/bravex.com.mx\/es\/wp-json\/wp\/v2\/comments?post=19"}],"version-history":[{"count":87,"href":"https:\/\/bravex.com.mx\/es\/wp-json\/wp\/v2\/pages\/19\/revisions"}],"predecessor-version":[{"id":1733,"href":"https:\/\/bravex.com.mx\/es\/wp-json\/wp\/v2\/pages\/19\/revisions\/1733"}],"wp:attachment":[{"href":"https:\/\/bravex.com.mx\/es\/wp-json\/wp\/v2\/media?parent=19"}],"curies":[{"name":"wp","href":"https:\/\/api.w.org\/{rel}","templated":true}]}}